{"id":1156,"date":"2025-03-15T03:53:56","date_gmt":"2025-03-15T00:53:56","guid":{"rendered":"https:\/\/kaganyapi.com\/?page_id=1156"},"modified":"2025-03-15T03:58:13","modified_gmt":"2025-03-15T00:58:13","slug":"devam-eden-projeler","status":"publish","type":"page","link":"https:\/\/kaganyapi.com\/en\/devam-eden-projeler\/","title":{"rendered":"Devam Eden Projeler"},"content":{"rendered":"<div class=\"fusion-fullwidth fullwidth-box fusion-builder-row-1 fusion-flex-container nonhundred-percent-fullwidth non-hundred-percent-height-scrolling\" style=\"--awb-background-position:left top;--awb-border-sizes-top:0px;--awb-border-sizes-bottom:0px;--awb-border-sizes-left:0px;--awb-border-sizes-right:0px;--awb-border-radius-top-left:0px;--awb-border-radius-top-right:0px;--awb-border-radius-bottom-right:0px;--awb-border-radius-bottom-left:0px;--awb-padding-top:150px;--awb-padding-bottom:150px;--awb-flex-wrap:wrap;\" ><div class=\"fusion-builder-row fusion-row fusion-flex-align-items-flex-start fusion-flex-content-wrap\" style=\"max-width:1216.8px;margin-left: calc(-4% \/ 2 );margin-right: calc(-4% \/ 2 );\"><div class=\"fusion-layout-column fusion_builder_column fusion-builder-column-0 fusion_builder_column_1_1 1_1 fusion-flex-column fusion-flex-align-self-flex-start fusion-column-no-min-height\" style=\"--awb-bg-size:cover;--awb-width-large:100%;--awb-margin-top-large:0px;--awb-spacing-right-large:1.92%;--awb-margin-bottom-large:0px;--awb-spacing-left-large:1.92%;--awb-width-medium:100%;--awb-spacing-right-medium:1.92%;--awb-spacing-left-medium:1.92%;--awb-width-small:100%;--awb-spacing-right-small:1.92%;--awb-spacing-left-small:1.92%;\"><div class=\"fusion-column-wrapper fusion-flex-justify-content-flex-start fusion-content-layout-column\"><div class=\"fusion-recent-works fusion-portfolio-element fusion-portfolio fusion-portfolio-1 fusion-portfolio-grid fusion-portfolio-paging-infinite fusion-portfolio-three fusion-portfolio-no_text fusion-portfolio-rollover\" data-id=\"-rw-1\" data-columns=\"three\"><style type=\"text\/css\">.fusion-portfolio-1 .fusion-portfolio-wrapper .fusion-col-spacing{padding:15px;}<\/style><div class=\"fusion-portfolio-wrapper\" id=\"fusion-portfolio-1\" data-picturesize=\"auto\" data-pages=\"1\" style=\"margin:-15px;\"><article id=\"portfolio-1-post-1285\" class=\"fusion-portfolio-post devam-eden-projeler fusion-col-spacing post-1285\"><div class=\"fusion-portfolio-content-wrapper\" style=\"border:none;\"><span class=\"entry-title rich-snippet-hidden\">Kocaeli D\u00fczenli Depolama Sahas\u0131 Yap\u0131m\u0131<\/span><span class=\"vcard rich-snippet-hidden\"><span class=\"fn\"><a href=\"https:\/\/kaganyapi.com\/en\/author\/kaganyapi\/\" title=\"Posts by kaganyapi\" rel=\"author\">kaganyapi<\/a><\/span><\/span><span class=\"updated rich-snippet-hidden\">2026-02-15T19:14:40+03:00<\/span><div  class=\"fusion-image-wrapper\" aria-haspopup=\"true\">\n\t\t\t\t<img decoding=\"async\" width=\"1280\" height=\"960\" src=\"https:\/\/kaganyapi.com\/wp-content\/uploads\/2026\/02\/photo_2026-02-15_19-07-25.jpg\" class=\"attachment-full size-full lazyload wp-post-image\" alt=\"\" srcset=\"data:image\/svg+xml,%3Csvg%20xmlns%3D%27http%3A%2F%2Fwww.w3.org%2F2000%2Fsvg%27%20width%3D%271280%27%20height%3D%27960%27%20viewBox%3D%270%200%201280%20960%27%3E%3Crect%20width%3D%271280%27%20height%3D%27960%27%20fill-opacity%3D%220%22%2F%3E%3C%2Fsvg%3E\" data-orig-src=\"https:\/\/kaganyapi.com\/wp-content\/uploads\/2026\/02\/photo_2026-02-15_19-07-25.jpg\" data-srcset=\"https:\/\/kaganyapi.com\/wp-content\/uploads\/2026\/02\/photo_2026-02-15_19-07-25-200x150.jpg 200w, https:\/\/kaganyapi.com\/wp-content\/uploads\/2026\/02\/photo_2026-02-15_19-07-25-400x300.jpg 400w, https:\/\/kaganyapi.com\/wp-content\/uploads\/2026\/02\/photo_2026-02-15_19-07-25-600x450.jpg 600w, https:\/\/kaganyapi.com\/wp-content\/uploads\/2026\/02\/photo_2026-02-15_19-07-25-800x600.jpg 800w, https:\/\/kaganyapi.com\/wp-content\/uploads\/2026\/02\/photo_2026-02-15_19-07-25-1200x900.jpg 1200w, https:\/\/kaganyapi.com\/wp-content\/uploads\/2026\/02\/photo_2026-02-15_19-07-25.jpg 1280w\" data-sizes=\"auto\" \/><div class=\"fusion-rollover\">\n\t<div class=\"fusion-rollover-content\">\n\n\t\t\t\t\t\t\t\t\t\t\t\t\t\t<a class=\"fusion-rollover-link\" href=\"https:\/\/kaganyapi.com\/en\/portfolio\/kocaeli-duzenli-depolama-sahasi-yapimi\/?portfolioCats=87\">Kocaeli D\u00fczenli Depolama Sahas\u0131 Yap\u0131m\u0131<\/a>\n\t\t\t\n\t\t\t\t\t\t\t\t\t\t\t\t\t\t\n\t\t\t\t\t\t\t\t\t\t\t\t\t\t\t\t\t\n\t\t\t\t\t\t\t\t\t\t\t\t\t<div class=\"fusion-rollover-sep\"><\/div>\n\t\t\t\t\n\t\t\t\t\t\t\t\t\t\t\t\t\t\t\t\t\t\t<a class=\"fusion-rollover-gallery\" href=\"https:\/\/kaganyapi.com\/wp-content\/uploads\/2026\/02\/video_2026-02-15_19-07-42.mp4\" data-id=\"1285\" data-rel=\"iLightbox[gallery-rw-1]\" data-title=\"photo_2026-02-15_19-07-25\" data-caption=\"\">\n\t\t\t\t\t\tGallery\t\t\t\t\t<\/a>\n\t\t\t\t\t\t\t\t\t\t\t\t\t\t\n\t\t\n\t\t\t\t\t\t\t\t\t\t\t\t<h4 class=\"fusion-rollover-title\">\n\t\t\t\t\t<a class=\"fusion-rollover-title-link\" href=\"https:\/\/kaganyapi.com\/en\/portfolio\/kocaeli-duzenli-depolama-sahasi-yapimi\/?portfolioCats=87\">\n\t\t\t\t\t\tKocaeli D\u00fczenli Depolama Sahas\u0131 Yap\u0131m\u0131\t\t\t\t\t<\/a>\n\t\t\t\t<\/h4>\n\t\t\t\n\t\t\t\t\t\t\t\t\n\t\t\n\t\t\t\t\t\t<a class=\"fusion-link-wrapper\" href=\"https:\/\/kaganyapi.com\/en\/portfolio\/kocaeli-duzenli-depolama-sahasi-yapimi\/?portfolioCats=87\" aria-label=\"Kocaeli D\u00fczenli Depolama Sahas\u0131 Yap\u0131m\u0131\"><\/a>\n\t<\/div>\n<\/div>\n<\/div>\n<\/div><\/article><article id=\"portfolio-1-post-1236\" class=\"fusion-portfolio-post devam-eden-projeler kentsel-donusum fusion-col-spacing post-1236\"><div class=\"fusion-portfolio-content-wrapper\" style=\"border:none;\"><span class=\"entry-title rich-snippet-hidden\">K\u00fc\u00e7\u00fck\u00e7ekmece Mahallesi, Tevfikbey Mahallesi, \u0130stiklal Caddesi 68 Ada 23 Parsel<\/span><span class=\"vcard rich-snippet-hidden\"><span class=\"fn\"><a href=\"https:\/\/kaganyapi.com\/en\/author\/kaganyapi\/\" title=\"Posts by kaganyapi\" rel=\"author\">kaganyapi<\/a><\/span><\/span><span class=\"updated rich-snippet-hidden\">2026-02-15T19:23:41+03:00<\/span><div  class=\"fusion-image-wrapper\" aria-haspopup=\"true\">\n\t\t\t\t\t\t\t<div class=\"fusion-placeholder-image\" data-origheight=\"150\" data-origwidth=\"100%\" style=\"width:100%;height:150px;\"><\/div>\n\t\t<div class=\"fusion-rollover\">\n\t<div class=\"fusion-rollover-content\">\n\n\t\t\t\t\t\t\t\t\t\t\t\t\t\t<a class=\"fusion-rollover-link\" href=\"https:\/\/kaganyapi.com\/en\/portfolio\/kucukcekmece-mahallesi-tevfikbey-mahallesi-istiklal-caddesi-68-ada-23-parsel\/?portfolioCats=87\">K\u00fc\u00e7\u00fck\u00e7ekmece Mahallesi, Tevfikbey Mahallesi, \u0130stiklal Caddesi 68 Ada 23 Parsel<\/a>\n\t\t\t\n\t\t\t\t\t\t\t\t\t\t\t\t\t\t\n\t\t\t\t\t\t\t\t\n\t\t\t\t\t\t\t\t\n\t\t\t\t\t\t\t\t\t\t\t\t\t\n\t\t\n\t\t\t\t\t\t\t\t\t\t\t\t<h4 class=\"fusion-rollover-title\">\n\t\t\t\t\t<a class=\"fusion-rollover-title-link\" href=\"https:\/\/kaganyapi.com\/en\/portfolio\/kucukcekmece-mahallesi-tevfikbey-mahallesi-istiklal-caddesi-68-ada-23-parsel\/?portfolioCats=87\">\n\t\t\t\t\t\tK\u00fc\u00e7\u00fck\u00e7ekmece Mahallesi, Tevfikbey Mahallesi, \u0130stiklal Caddesi 68 Ada 23 Parsel\t\t\t\t\t<\/a>\n\t\t\t\t<\/h4>\n\t\t\t\n\t\t\t\t\t\t\t\t\n\t\t\n\t\t\t\t\t\t<a class=\"fusion-link-wrapper\" href=\"https:\/\/kaganyapi.com\/en\/portfolio\/kucukcekmece-mahallesi-tevfikbey-mahallesi-istiklal-caddesi-68-ada-23-parsel\/?portfolioCats=87\" aria-label=\"K\u00fc\u00e7\u00fck\u00e7ekmece Mahallesi, Tevfikbey Mahallesi, \u0130stiklal Caddesi 68 Ada 23 Parsel\"><\/a>\n\t<\/div>\n<\/div>\n<\/div>\n<\/div><\/article><article id=\"portfolio-1-post-1234\" class=\"fusion-portfolio-post devam-eden-projeler kentsel-donusum fusion-col-spacing post-1234\"><div class=\"fusion-portfolio-content-wrapper\" style=\"border:none;\"><span class=\"entry-title rich-snippet-hidden\">K\u00fc\u00e7\u00fck\u00e7ekmece \u0130l\u00e7esi, S\u00f6\u011f\u00fctl\u00fc\u00e7e\u015fme Mahallesi, 1. Fatih Sokak 646 Ada 7 Parsel<\/span><span class=\"vcard rich-snippet-hidden\"><span class=\"fn\"><a href=\"https:\/\/kaganyapi.com\/en\/author\/kaganyapi\/\" title=\"Posts by kaganyapi\" rel=\"author\">kaganyapi<\/a><\/span><\/span><span class=\"updated rich-snippet-hidden\">2026-02-15T19:23:14+03:00<\/span><div  class=\"fusion-image-wrapper\" aria-haspopup=\"true\">\n\t\t\t\t<img decoding=\"async\" width=\"960\" height=\"1280\" src=\"https:\/\/kaganyapi.com\/wp-content\/uploads\/2026\/02\/photo_2026-02-15_19-07-43.jpg\" class=\"attachment-full size-full lazyload wp-post-image\" alt=\"\" srcset=\"data:image\/svg+xml,%3Csvg%20xmlns%3D%27http%3A%2F%2Fwww.w3.org%2F2000%2Fsvg%27%20width%3D%27960%27%20height%3D%271280%27%20viewBox%3D%270%200%20960%201280%27%3E%3Crect%20width%3D%27960%27%20height%3D%271280%27%20fill-opacity%3D%220%22%2F%3E%3C%2Fsvg%3E\" data-orig-src=\"https:\/\/kaganyapi.com\/wp-content\/uploads\/2026\/02\/photo_2026-02-15_19-07-43.jpg\" data-srcset=\"https:\/\/kaganyapi.com\/wp-content\/uploads\/2026\/02\/photo_2026-02-15_19-07-43-200x267.jpg 200w, https:\/\/kaganyapi.com\/wp-content\/uploads\/2026\/02\/photo_2026-02-15_19-07-43-400x533.jpg 400w, https:\/\/kaganyapi.com\/wp-content\/uploads\/2026\/02\/photo_2026-02-15_19-07-43-600x800.jpg 600w, https:\/\/kaganyapi.com\/wp-content\/uploads\/2026\/02\/photo_2026-02-15_19-07-43-800x1067.jpg 800w, https:\/\/kaganyapi.com\/wp-content\/uploads\/2026\/02\/photo_2026-02-15_19-07-43.jpg 960w\" data-sizes=\"auto\" \/><div class=\"fusion-rollover\">\n\t<div class=\"fusion-rollover-content\">\n\n\t\t\t\t\t\t\t\t\t\t\t\t\t\t<a class=\"fusion-rollover-link\" href=\"https:\/\/kaganyapi.com\/en\/portfolio\/kucukcekmece-ilcesi-sogutlucesme-mahallesi-1-fatih-sokak-646-ada-7-parsel\/?portfolioCats=87\">K\u00fc\u00e7\u00fck\u00e7ekmece \u0130l\u00e7esi, S\u00f6\u011f\u00fctl\u00fc\u00e7e\u015fme Mahallesi, 1. Fatih Sokak 646 Ada 7 Parsel<\/a>\n\t\t\t\n\t\t\t\t\t\t\t\t\t\t\t\t\t\t\n\t\t\t\t\t\t\t\t\n\t\t\t\t\t\t\t\t\t\t\t\t\t<div class=\"fusion-rollover-sep\"><\/div>\n\t\t\t\t\n\t\t\t\t\t\t\t\t\t\t\t\t\t\t\t\t\t\t<a class=\"fusion-rollover-gallery\" href=\"https:\/\/kaganyapi.com\/wp-content\/uploads\/2026\/02\/photo_2026-02-15_19-07-43.jpg\" data-id=\"1234\" data-rel=\"iLightbox[gallery-rw-1]\" data-title=\"photo_2026-02-15_19-07-43\" data-caption=\"\">\n\t\t\t\t\t\tGallery\t\t\t\t\t<\/a>\n\t\t\t\t\t\t\t\t\t\t\t\t\t\t\n\t\t\n\t\t\t\t\t\t\t\t\t\t\t\t<h4 class=\"fusion-rollover-title\">\n\t\t\t\t\t<a class=\"fusion-rollover-title-link\" href=\"https:\/\/kaganyapi.com\/en\/portfolio\/kucukcekmece-ilcesi-sogutlucesme-mahallesi-1-fatih-sokak-646-ada-7-parsel\/?portfolioCats=87\">\n\t\t\t\t\t\tK\u00fc\u00e7\u00fck\u00e7ekmece \u0130l\u00e7esi, S\u00f6\u011f\u00fctl\u00fc\u00e7e\u015fme Mahallesi, 1. Fatih Sokak 646 Ada 7 Parsel\t\t\t\t\t<\/a>\n\t\t\t\t<\/h4>\n\t\t\t\n\t\t\t\t\t\t\t\t\n\t\t\n\t\t\t\t\t\t<a class=\"fusion-link-wrapper\" href=\"https:\/\/kaganyapi.com\/en\/portfolio\/kucukcekmece-ilcesi-sogutlucesme-mahallesi-1-fatih-sokak-646-ada-7-parsel\/?portfolioCats=87\" aria-label=\"K\u00fc\u00e7\u00fck\u00e7ekmece \u0130l\u00e7esi, S\u00f6\u011f\u00fctl\u00fc\u00e7e\u015fme Mahallesi, 1. Fatih Sokak 646 Ada 7 Parsel\"><\/a>\n\t<\/div>\n<\/div>\n<\/div>\n<\/div><\/article><article id=\"portfolio-1-post-1232\" class=\"fusion-portfolio-post devam-eden-projeler kentsel-donusum fusion-col-spacing post-1232\"><div class=\"fusion-portfolio-content-wrapper\" style=\"border:none;\"><span class=\"entry-title rich-snippet-hidden\">K\u00fc\u00e7\u00fck\u00e7ekmece \u0130l\u00e7esi, Kartaltepe Mahallesi, 2. Karadeniz Sokak 683 Ada 3 Parsel<\/span><span class=\"vcard rich-snippet-hidden\"><span class=\"fn\"><a href=\"https:\/\/kaganyapi.com\/en\/author\/kaganyapi\/\" title=\"Posts by kaganyapi\" rel=\"author\">kaganyapi<\/a><\/span><\/span><span class=\"updated rich-snippet-hidden\">2026-02-15T19:23:47+03:00<\/span><div  class=\"fusion-image-wrapper\" aria-haspopup=\"true\">\n\t\t\t\t\t\t\t<div class=\"fusion-placeholder-image\" data-origheight=\"150\" data-origwidth=\"100%\" style=\"width:100%;height:150px;\"><\/div>\n\t\t<div class=\"fusion-rollover\">\n\t<div class=\"fusion-rollover-content\">\n\n\t\t\t\t\t\t\t\t\t\t\t\t\t\t<a class=\"fusion-rollover-link\" href=\"https:\/\/kaganyapi.com\/en\/portfolio\/kucukcekmece-ilcesi-kartaltepe-mahallesi-2-karadeniz-sokak-683-ada-3-parsel\/?portfolioCats=87\">K\u00fc\u00e7\u00fck\u00e7ekmece \u0130l\u00e7esi, Kartaltepe Mahallesi, 2. Karadeniz Sokak 683 Ada 3 Parsel<\/a>\n\t\t\t\n\t\t\t\t\t\t\t\t\t\t\t\t\t\t\n\t\t\t\t\t\t\t\t\n\t\t\t\t\t\t\t\t\n\t\t\t\t\t\t\t\t\t\t\t\t\t\n\t\t\n\t\t\t\t\t\t\t\t\t\t\t\t<h4 class=\"fusion-rollover-title\">\n\t\t\t\t\t<a class=\"fusion-rollover-title-link\" href=\"https:\/\/kaganyapi.com\/en\/portfolio\/kucukcekmece-ilcesi-kartaltepe-mahallesi-2-karadeniz-sokak-683-ada-3-parsel\/?portfolioCats=87\">\n\t\t\t\t\t\tK\u00fc\u00e7\u00fck\u00e7ekmece \u0130l\u00e7esi, Kartaltepe Mahallesi, 2. Karadeniz Sokak 683 Ada 3 Parsel\t\t\t\t\t<\/a>\n\t\t\t\t<\/h4>\n\t\t\t\n\t\t\t\t\t\t\t\t\n\t\t\n\t\t\t\t\t\t<a class=\"fusion-link-wrapper\" href=\"https:\/\/kaganyapi.com\/en\/portfolio\/kucukcekmece-ilcesi-kartaltepe-mahallesi-2-karadeniz-sokak-683-ada-3-parsel\/?portfolioCats=87\" aria-label=\"K\u00fc\u00e7\u00fck\u00e7ekmece \u0130l\u00e7esi, Kartaltepe Mahallesi, 2. Karadeniz Sokak 683 Ada 3 Parsel\"><\/a>\n\t<\/div>\n<\/div>\n<\/div>\n<\/div><\/article><article id=\"portfolio-1-post-1230\" class=\"fusion-portfolio-post devam-eden-projeler kentsel-donusum fusion-col-spacing post-1230\"><div class=\"fusion-portfolio-content-wrapper\" style=\"border:none;\"><span class=\"entry-title rich-snippet-hidden\">K\u00fc\u00e7\u00fck\u00e7ekmece \u0130l\u00e7esi, \u0130n\u00f6n\u00fc Mahallesi, 1. Dumlup\u0131nar Sokak 655 Ada 24 Parsel<\/span><span class=\"vcard rich-snippet-hidden\"><span class=\"fn\"><a href=\"https:\/\/kaganyapi.com\/en\/author\/kaganyapi\/\" title=\"Posts by kaganyapi\" rel=\"author\">kaganyapi<\/a><\/span><\/span><span class=\"updated rich-snippet-hidden\">2026-02-15T19:23:53+03:00<\/span><div  class=\"fusion-image-wrapper\" aria-haspopup=\"true\">\n\t\t\t\t\t\t\t<div class=\"fusion-placeholder-image\" data-origheight=\"150\" data-origwidth=\"100%\" style=\"width:100%;height:150px;\"><\/div>\n\t\t<div class=\"fusion-rollover\">\n\t<div class=\"fusion-rollover-content\">\n\n\t\t\t\t\t\t\t\t\t\t\t\t\t\t<a class=\"fusion-rollover-link\" href=\"https:\/\/kaganyapi.com\/en\/portfolio\/kucukcekmece-ilcesi-inonu-mahallesi-1-dumlupinar-sokak-655-ada-24-parsel\/?portfolioCats=87\">K\u00fc\u00e7\u00fck\u00e7ekmece \u0130l\u00e7esi, \u0130n\u00f6n\u00fc Mahallesi, 1. Dumlup\u0131nar Sokak 655 Ada 24 Parsel<\/a>\n\t\t\t\n\t\t\t\t\t\t\t\t\t\t\t\t\t\t\n\t\t\t\t\t\t\t\t\n\t\t\t\t\t\t\t\t\n\t\t\t\t\t\t\t\t\t\t\t\t\t\n\t\t\n\t\t\t\t\t\t\t\t\t\t\t\t<h4 class=\"fusion-rollover-title\">\n\t\t\t\t\t<a class=\"fusion-rollover-title-link\" href=\"https:\/\/kaganyapi.com\/en\/portfolio\/kucukcekmece-ilcesi-inonu-mahallesi-1-dumlupinar-sokak-655-ada-24-parsel\/?portfolioCats=87\">\n\t\t\t\t\t\tK\u00fc\u00e7\u00fck\u00e7ekmece \u0130l\u00e7esi, \u0130n\u00f6n\u00fc Mahallesi, 1. Dumlup\u0131nar Sokak 655 Ada 24 Parsel\t\t\t\t\t<\/a>\n\t\t\t\t<\/h4>\n\t\t\t\n\t\t\t\t\t\t\t\t\n\t\t\n\t\t\t\t\t\t<a class=\"fusion-link-wrapper\" href=\"https:\/\/kaganyapi.com\/en\/portfolio\/kucukcekmece-ilcesi-inonu-mahallesi-1-dumlupinar-sokak-655-ada-24-parsel\/?portfolioCats=87\" aria-label=\"K\u00fc\u00e7\u00fck\u00e7ekmece \u0130l\u00e7esi, \u0130n\u00f6n\u00fc Mahallesi, 1. Dumlup\u0131nar Sokak 655 Ada 24 Parsel\"><\/a>\n\t<\/div>\n<\/div>\n<\/div>\n<\/div><\/article><article id=\"portfolio-1-post-177\" class=\"fusion-portfolio-post devam-eden-projeler projeler fusion-col-spacing post-177\"><div class=\"fusion-portfolio-content-wrapper\" style=\"border:none;\"><span class=\"entry-title rich-snippet-hidden\">Blue &#038; White &#8211; Silivri<\/span><span class=\"vcard rich-snippet-hidden\"><span class=\"fn\"><a href=\"https:\/\/kaganyapi.com\/en\/author\/kaganyapi\/\" title=\"Posts by kaganyapi\" rel=\"author\">kaganyapi<\/a><\/span><\/span><span class=\"updated rich-snippet-hidden\">2026-02-15T19:22:58+03:00<\/span><div  class=\"fusion-image-wrapper\" aria-haspopup=\"true\">\n\t\t\t\t<img decoding=\"async\" width=\"1502\" height=\"1125\" src=\"https:\/\/kaganyapi.com\/wp-content\/uploads\/2015\/02\/homepage-1-1.png\" class=\"attachment-full size-full lazyload wp-post-image\" alt=\"\" srcset=\"data:image\/svg+xml,%3Csvg%20xmlns%3D%27http%3A%2F%2Fwww.w3.org%2F2000%2Fsvg%27%20width%3D%271502%27%20height%3D%271125%27%20viewBox%3D%270%200%201502%201125%27%3E%3Crect%20width%3D%271502%27%20height%3D%271125%27%20fill-opacity%3D%220%22%2F%3E%3C%2Fsvg%3E\" data-orig-src=\"https:\/\/kaganyapi.com\/wp-content\/uploads\/2015\/02\/homepage-1-1.png\" data-srcset=\"https:\/\/kaganyapi.com\/wp-content\/uploads\/2015\/02\/homepage-1-1-200x150.png 200w, https:\/\/kaganyapi.com\/wp-content\/uploads\/2015\/02\/homepage-1-1-400x300.png 400w, https:\/\/kaganyapi.com\/wp-content\/uploads\/2015\/02\/homepage-1-1-600x449.png 600w, https:\/\/kaganyapi.com\/wp-content\/uploads\/2015\/02\/homepage-1-1-800x599.png 800w, https:\/\/kaganyapi.com\/wp-content\/uploads\/2015\/02\/homepage-1-1-1200x899.png 1200w, https:\/\/kaganyapi.com\/wp-content\/uploads\/2015\/02\/homepage-1-1.png 1502w\" data-sizes=\"auto\" \/><div class=\"fusion-rollover\">\n\t<div class=\"fusion-rollover-content\">\n\n\t\t\t\t\t\t\t\t\t\t\t\t\t\t<a class=\"fusion-rollover-link\" href=\"https:\/\/kaganyapi.com\/en\/portfolio\/blue-white-silivri\/?portfolioCats=87\">Blue &#038; White &#8211; Silivri<\/a>\n\t\t\t\n\t\t\t\t\t\t\t\t\t\t\t\t\t\t\n\t\t\t\t\t\t\t\t\n\t\t\t\t\t\t\t\t\t\t\t\t\t<div class=\"fusion-rollover-sep\"><\/div>\n\t\t\t\t\n\t\t\t\t\t\t\t\t\t\t\t\t\t\t\t\t\t\t<a class=\"fusion-rollover-gallery\" href=\"https:\/\/kaganyapi.com\/wp-content\/uploads\/2015\/02\/homepage-1-1.png\" data-id=\"177\" data-rel=\"iLightbox[gallery-rw-1]\" data-title=\"homepage (1) (1)\" data-caption=\"\">\n\t\t\t\t\t\tGallery\t\t\t\t\t<\/a>\n\t\t\t\t\t\t\t\t\t\t\t\t\t\t\n\t\t\n\t\t\t\t\t\t\t\t\t\t\t\t<h4 class=\"fusion-rollover-title\">\n\t\t\t\t\t<a class=\"fusion-rollover-title-link\" href=\"https:\/\/kaganyapi.com\/en\/portfolio\/blue-white-silivri\/?portfolioCats=87\">\n\t\t\t\t\t\tBlue &#038; White &#8211; Silivri\t\t\t\t\t<\/a>\n\t\t\t\t<\/h4>\n\t\t\t\n\t\t\t\t\t\t\t\t\n\t\t\n\t\t\t\t\t\t<a class=\"fusion-link-wrapper\" href=\"https:\/\/kaganyapi.com\/en\/portfolio\/blue-white-silivri\/?portfolioCats=87\" aria-label=\"Blue &#038; White &#8211; Silivri\"><\/a>\n\t<\/div>\n<\/div>\n<\/div>\n<\/div><\/article><\/div><\/div><\/div><\/div><\/div><\/div>","protected":false},"excerpt":{"rendered":"","protected":false},"author":1,"featured_media":0,"parent":0,"menu_order":0,"comment_status":"closed","ping_status":"closed","template":"","meta":{"footnotes":""},"class_list":["post-1156","page","type-page","status-publish","hentry"],"_links":{"self":[{"href":"https:\/\/kaganyapi.com\/en\/wp-json\/wp\/v2\/pages\/1156","targetHints":{"allow":["GET"]}}],"collection":[{"href":"https:\/\/kaganyapi.com\/en\/wp-json\/wp\/v2\/pages"}],"about":[{"href":"https:\/\/kaganyapi.com\/en\/wp-json\/wp\/v2\/types\/page"}],"author":[{"embeddable":true,"href":"https:\/\/kaganyapi.com\/en\/wp-json\/wp\/v2\/users\/1"}],"replies":[{"embeddable":true,"href":"https:\/\/kaganyapi.com\/en\/wp-json\/wp\/v2\/comments?post=1156"}],"version-history":[{"count":1,"href":"https:\/\/kaganyapi.com\/en\/wp-json\/wp\/v2\/pages\/1156\/revisions"}],"predecessor-version":[{"id":1157,"href":"https:\/\/kaganyapi.com\/en\/wp-json\/wp\/v2\/pages\/1156\/revisions\/1157"}],"wp:attachment":[{"href":"https:\/\/kaganyapi.com\/en\/wp-json\/wp\/v2\/media?parent=1156"}],"curies":[{"name":"wp","href":"https:\/\/api.w.org\/{rel}","templated":true}]}}